{"id":102196,"date":"2026-03-13T13:18:01","date_gmt":"2026-03-13T12:18:01","guid":{"rendered":"https:\/\/martehelgetun.no\/?post_type=product&#038;p=102196"},"modified":"2026-03-13T13:22:36","modified_gmt":"2026-03-13T12:22:36","slug":"summer-vibes-tee","status":"publish","type":"product","link":"https:\/\/martehelgetun.no\/en\/product\/summer-vibes-tee\/","title":{"rendered":"Summer Vibes Tee"},"content":{"rendered":"<div id=\"OuterWrapper\" class=\"product-outer-wrapper\">\n<div class=\"product\">\n<div class=\"productTxtOuter\">ST\u00d8RRELSER OG M\u00c5L<br \/>\nSt\u00f8rrelser: (XS) S (M) L (XL) XXL<br \/>\nOvervidde: (78) 90 (102) 114 (126) 138 cm<br \/>\nHel lengde: ca (51) 53 (55) 57 (59) 61 cm<\/div>\n<div><\/div>\n<div><\/div>\n<div class=\"productTxtOuter\">GARN OG GARNFORBRUK<br \/>\nLuftig + Lett by Marte Helgetun<br \/>\n(3) 3 (3) 4 (4) 5 n\u00f8ster Luftig nr. 01 Kitt<br \/>\n(3) 3 (3) 4 (4) 5 n\u00f8ster Lett nr. 17 Sand<\/div>\n<div class=\"productTxtOuter\">Hele toppen strikkes med en tr\u00e5d Luftig og en tr\u00e5d Lett sammen.<\/div>\n<div><\/div>\n<div><\/div>\n<div class=\"productTxtOuter\">PINNER OG STRIKKEFASTHET<br \/>\n80 cm rundpinne nr. 5,5 og 4,5 og 40 cm 4,5<br \/>\nHa gjerne en ekstra pinne eller vaier, slik at det blir lettere for deg \u00e5 strikke for- og bakstykkene.<\/div>\n<div class=\"productTxtOuter\">20 masker strukturstrikk med en tr\u00e5d av hver kvalitet p\u00e5 pinne nr. 5,5 = 10 cm i bredden<\/div>\n<\/div>\n<\/div>\n","protected":false},"excerpt":{"rendered":"<p>En lett og luftig topp med ekte sommerf\u00f8lelse. Summer Vibes Tee er perfekt til varme dager\u00a0og lyse kvelder, og passer like fint til linbukser som over en kjole eller med en skjorte under.\u00a0Toppen strikkes med \u00e9n tr\u00e5d Luftig og \u00e9n tr\u00e5d Lett, som gir et mykt og behagelig plagg med\u00a0akkurat passe varme. Den strikkes ovenfra og ned, og du starter med noen f\u00e5 masker bak nakken f\u00f8r arbeidet formes videre.<\/p>\n<p>&nbsp;<\/p>\n<p><strong>Norsk oppskrift.<\/strong><\/p>\n","protected":false},"featured_media":102225,"template":"","meta":{"_acf_changed":false,"_relevanssi_hide_post":"","_relevanssi_hide_content":"","_relevanssi_pin_for_all":"","_relevanssi_pin_keywords":"","_relevanssi_unpin_keywords":"","_relevanssi_related_keywords":"","_relevanssi_related_include_ids":"","_relevanssi_related_exclude_ids":"","_relevanssi_related_no_append":"","_relevanssi_related_not_related":"","_relevanssi_related_posts":"","_relevanssi_noindex_reason":""},"product_brand":[],"product_cat":[734,60,279],"product_tag":[128,577,77,377,37,36,207,134,576,136],"class_list":{"0":"post-102196","1":"product","2":"type-product","3":"status-publish","4":"has-post-thumbnail","6":"product_cat-sommerstrikk","7":"product_cat-strikkeoppskrifter","8":"product_cat-topp","9":"product_tag-design-by-marte-helgetun","10":"product_tag-fargespillgenser","11":"product_tag-genser","12":"product_tag-genser-i-luftig-og-lett","13":"product_tag-lett","14":"product_tag-luftig","15":"product_tag-luftig-perlegenser","16":"product_tag-marte-helgetun","17":"product_tag-perlegenser","18":"product_tag-strikkeoppskrift","20":"first","21":"instock","22":"downloadable","23":"taxable","24":"shipping-taxable","25":"purchasable","26":"product-type-mht_bundle"},"acf":[],"_links":{"self":[{"href":"https:\/\/martehelgetun.no\/en\/wp-json\/wp\/v2\/product\/102196","targetHints":{"allow":["GET"]}}],"collection":[{"href":"https:\/\/martehelgetun.no\/en\/wp-json\/wp\/v2\/product"}],"about":[{"href":"https:\/\/martehelgetun.no\/en\/wp-json\/wp\/v2\/types\/product"}],"wp:featuredmedia":[{"embeddable":true,"href":"https:\/\/martehelgetun.no\/en\/wp-json\/wp\/v2\/media\/102225"}],"wp:attachment":[{"href":"https:\/\/martehelgetun.no\/en\/wp-json\/wp\/v2\/media?parent=102196"}],"wp:term":[{"taxonomy":"product_brand","embeddable":true,"href":"https:\/\/martehelgetun.no\/en\/wp-json\/wp\/v2\/product_brand?post=102196"},{"taxonomy":"product_cat","embeddable":true,"href":"https:\/\/martehelgetun.no\/en\/wp-json\/wp\/v2\/product_cat?post=102196"},{"taxonomy":"product_tag","embeddable":true,"href":"https:\/\/martehelgetun.no\/en\/wp-json\/wp\/v2\/product_tag?post=102196"}],"curies":[{"name":"wp","href":"https:\/\/api.w.org\/{rel}","templated":true}]}}