{"id":101931,"date":"2026-03-04T15:02:16","date_gmt":"2026-03-04T14:02:16","guid":{"rendered":"https:\/\/martehelgetun.no\/?post_type=product&#038;p=101931"},"modified":"2026-04-09T10:58:50","modified_gmt":"2026-04-09T08:58:50","slug":"snippen","status":"publish","type":"product","link":"https:\/\/martehelgetun.no\/en\/produkt\/snippen\/","title":{"rendered":"Snippen"},"content":{"rendered":"<div id=\"OuterWrapper\" class=\"product-outer-wrapper\">\n<div class=\"product\">\n<div class=\"productTxtOuter\">\n<p><b>St\u00f8rrelser og m\u00e5l<br \/>\n<\/b>St\u00f8rrelser: en st\u00f8rrelse<br \/>\nBredde: ca 22 cm<br \/>\nLengde: ca 37<\/p>\n<p>&nbsp;<\/p>\n<p><b>Garn og garnforbruk<br \/>\n<\/b>Lett x 3 by Marte Helgetun<br \/>\n3 n\u00f8ster Lett nr. 10 Natur<br \/>\nHalsen strikkes med 3 tr\u00e5der Lett sammen.<span class=\"Apple-converted-space\">\u00a0<\/span><\/p>\n<p>&nbsp;<\/p>\n<p><b>Pinner og strikkefasthet<br \/>\n<\/b>80 cm rundpinne nr. 4,5<br \/>\n13 masker patentstrikk med 3 tr\u00e5der sammen p\u00e5 pinne nr. 4,5 = 10 cm.<\/p>\n<\/div>\n<\/div>\n<\/div>\n","protected":false},"excerpt":{"rendered":"<p>Snippen passer til de typiske v\u00e5rdagene med fire \u00e5rstider p\u00e5 \u00e9n dag. Jeg savnet et lite plagg som kunne gi akkurat passe varme rundt halsen uten \u00e5 bli stort og klumpete under jakken. Ikke et sjal, men noe lett og enkelt som ligger fint under jakker med slag.<br \/>\nPerfekt til restegarn da du kun trenger ca 40 g<\/p>\n<p>Slik ble Snippen til \u2013 en smal hals med en liten spiss foran. Liten og lett og perfekt under v\u00e5rjakken. Et lite plagg som er raskt \u00e5 strikke, lett \u00e5 bruke og som fort kan bli en favoritt i v\u00e5rgarderoben.<\/p>\n<p>&nbsp;<\/p>\n<p>&nbsp;<\/p>\n<p><strong>Norsk og Engelsk oppskrift.<\/strong> Du f\u00e5r tilgang til alle spr\u00e5k som pdf fil ved kj\u00f8p.<\/p>\n<hr \/>\n<p data-start=\"161\" data-end=\"476\">Snippen is perfect for those typical spring days when you can experience four seasons in a single day. I wanted a small accessory that adds just the right amount of warmth around the neck without feeling bulky under a jacket. Not a shawl, but something light and simple that sits neatly under jackets with lapels.<\/p>\n<p data-start=\"478\" data-end=\"553\">It\u2019s also perfect for using leftover yarn, as you only need about <strong data-start=\"544\" data-end=\"552\">40 g<\/strong>.<\/p>\n<p data-start=\"555\" data-end=\"790\">That\u2019s how Snippen came to be \u2013 a narrow neck piece with a small point in the front. Small, light and perfect under a spring jacket. A quick and enjoyable knit that\u2019s easy to wear and may soon become a favorite in your spring wardrobe.<\/p>\n<p data-start=\"330\" data-end=\"438\" data-is-last-node=\"\" data-is-only-node=\"\"><strong>Norwegian and English pattern<\/strong>. You will receive access to both language versions as PDF files upon purchase.<\/p>\n","protected":false},"featured_media":101932,"template":"","meta":{"_acf_changed":false,"_relevanssi_hide_post":"","_relevanssi_hide_content":"","_relevanssi_pin_for_all":"","_relevanssi_pin_keywords":"","_relevanssi_unpin_keywords":"","_relevanssi_related_keywords":"","_relevanssi_related_include_ids":"","_relevanssi_related_exclude_ids":"","_relevanssi_related_no_append":"","_relevanssi_related_not_related":"","_relevanssi_related_posts":"","_relevanssi_noindex_reason":""},"product_cat":[60,81],"product_tag":[128,577,377,83,37,36,134,576,136],"class_list":{"0":"post-101931","1":"product","2":"type-product","3":"status-publish","4":"has-post-thumbnail","6":"product_cat-strikkeoppskrifter","7":"product_cat-skjerf-sjal-hals","8":"product_tag-design-by-marte-helgetun","9":"product_tag-fargespillgenser","10":"product_tag-genser-i-luftig-og-lett","11":"product_tag-hals","12":"product_tag-lett","13":"product_tag-luftig","14":"product_tag-marte-helgetun","15":"product_tag-perlegenser","16":"product_tag-strikkeoppskrift","18":"first","19":"instock","20":"downloadable","21":"taxable","22":"shipping-taxable","23":"purchasable","24":"product-type-mht_bundle"},"acf":[],"_links":{"self":[{"href":"https:\/\/martehelgetun.no\/en\/wp-json\/wp\/v2\/product\/101931","targetHints":{"allow":["GET"]}}],"collection":[{"href":"https:\/\/martehelgetun.no\/en\/wp-json\/wp\/v2\/product"}],"about":[{"href":"https:\/\/martehelgetun.no\/en\/wp-json\/wp\/v2\/types\/product"}],"wp:featuredmedia":[{"embeddable":true,"href":"https:\/\/martehelgetun.no\/en\/wp-json\/wp\/v2\/media\/101932"}],"wp:attachment":[{"href":"https:\/\/martehelgetun.no\/en\/wp-json\/wp\/v2\/media?parent=101931"}],"wp:term":[{"taxonomy":"product_cat","embeddable":true,"href":"https:\/\/martehelgetun.no\/en\/wp-json\/wp\/v2\/product_cat?post=101931"},{"taxonomy":"product_tag","embeddable":true,"href":"https:\/\/martehelgetun.no\/en\/wp-json\/wp\/v2\/product_tag?post=101931"}],"curies":[{"name":"wp","href":"https:\/\/api.w.org\/{rel}","templated":true}]}}