{"id":101718,"date":"2026-02-24T13:56:12","date_gmt":"2026-02-24T12:56:12","guid":{"rendered":"https:\/\/martehelgetun.no\/?post_type=product&#038;p=101718"},"modified":"2026-02-24T13:58:34","modified_gmt":"2026-02-24T12:58:34","slug":"sandnesgarn-line-4108-flame-scarlet","status":"publish","type":"product","link":"https:\/\/martehelgetun.no\/en\/product\/sandnesgarn-line-4108-flame-scarlet\/","title":{"rendered":"SandnesGarn Line 4108 Flame scarlet"},"content":{"rendered":"<div id=\"EditorContentContainer\" class=\"EditorContentContainer \">\n<p>53% bomull, 33% viskose og 14% lin<br \/>\n<span class=\"label\">L\u00d8PELENGDE:<\/span> <span class=\"value\">Ca. 110 meter Pr. 50 g<br \/>\n<\/span><span class=\"label\">VEILEDENDE PINNER:<\/span>\u00a0Pinne nr.<span class=\"value\">\u00a04<br \/>\n<\/span><span class=\"label\">STRIKKEFASTHET:<\/span> <span class=\"value\">20 &#8211; 22 = 10 cm<br \/>\n<\/span><span class=\"label\">R\u00c5VARE KOMMER FRA:<\/span> <span class=\"value\">India<\/span><\/p>\n<\/div>\n","protected":false},"excerpt":{"rendered":"<div class=\"product attribute description\">\n<div class=\"value\">\n<p>Med denne blandingen f\u00e5r garnet bomullens og viskosens absorberende og myke egenskaper, kombinert med linens svale f\u00f8lelse. Viskosens blankhet sammen med linens matthet gir garnet en spennende struktur og overflate.<\/p>\n<p>Line og Tynn Line er samme garnkvalitet med ulik tykkelse &#8211; Line er 4-tr\u00e5ds garn og Tynn Line 3-tr\u00e5ds garn.<\/p>\n<p>Vi anbefaler at alle h\u00e5ndstrikkede plagg vaskes separat for en mest sk\u00e5nsom behandling. Sentrifuger godt og t\u00f8rk plagget flatt, gjerne opp\u00e5 et h\u00e5ndkle.<\/p>\n<\/div>\n<\/div>\n","protected":false},"featured_media":101719,"template":"","meta":{"_acf_changed":false,"_relevanssi_hide_post":"","_relevanssi_hide_content":"","_relevanssi_pin_for_all":"","_relevanssi_pin_keywords":"","_relevanssi_unpin_keywords":"","_relevanssi_related_keywords":"","_relevanssi_related_include_ids":"","_relevanssi_related_exclude_ids":"","_relevanssi_related_no_append":"","_relevanssi_related_not_related":"","_relevanssi_related_posts":"","_relevanssi_noindex_reason":""},"product_brand":[],"product_cat":[15,42],"product_tag":[45,25,46,43,44,47],"class_list":{"0":"post-101718","1":"product","2":"type-product","3":"status-publish","4":"has-post-thumbnail","6":"product_cat-garn","7":"product_cat-line","8":"product_tag-bomull","9":"product_tag-garn","10":"product_tag-lin","11":"product_tag-line","12":"product_tag-sandnesgarn","13":"product_tag-viskose","15":"first","16":"instock","17":"taxable","18":"shipping-taxable","19":"purchasable","20":"product-type-simple"},"acf":[],"_links":{"self":[{"href":"https:\/\/martehelgetun.no\/en\/wp-json\/wp\/v2\/product\/101718","targetHints":{"allow":["GET"]}}],"collection":[{"href":"https:\/\/martehelgetun.no\/en\/wp-json\/wp\/v2\/product"}],"about":[{"href":"https:\/\/martehelgetun.no\/en\/wp-json\/wp\/v2\/types\/product"}],"wp:featuredmedia":[{"embeddable":true,"href":"https:\/\/martehelgetun.no\/en\/wp-json\/wp\/v2\/media\/101719"}],"wp:attachment":[{"href":"https:\/\/martehelgetun.no\/en\/wp-json\/wp\/v2\/media?parent=101718"}],"wp:term":[{"taxonomy":"product_brand","embeddable":true,"href":"https:\/\/martehelgetun.no\/en\/wp-json\/wp\/v2\/product_brand?post=101718"},{"taxonomy":"product_cat","embeddable":true,"href":"https:\/\/martehelgetun.no\/en\/wp-json\/wp\/v2\/product_cat?post=101718"},{"taxonomy":"product_tag","embeddable":true,"href":"https:\/\/martehelgetun.no\/en\/wp-json\/wp\/v2\/product_tag?post=101718"}],"curies":[{"name":"wp","href":"https:\/\/api.w.org\/{rel}","templated":true}]}}