{"id":101315,"date":"2026-02-16T14:39:05","date_gmt":"2026-02-16T13:39:05","guid":{"rendered":"https:\/\/martehelgetun.no\/?post_type=product&#038;p=101315"},"modified":"2026-04-09T10:46:40","modified_gmt":"2026-04-09T08:46:40","slug":"luftig-perlehals","status":"publish","type":"product","link":"https:\/\/martehelgetun.no\/en\/product\/luftig-perlehals\/","title":{"rendered":"Luftig Perlehals"},"content":{"rendered":"<div id=\"OuterWrapper\" class=\"product-outer-wrapper\">\n<div class=\"product\">\n<div class=\"productTxtOuter\">\n<p><b>St\u00f8rrelser og m\u00e5l<br \/>\n<\/b>St\u00f8rrelser: en st\u00f8rrelse<br \/>\nBredde: ca 30 cm<br \/>\nLengde: ca 35 cm<\/p>\n<p>&nbsp;<\/p>\n<p><b>Garn og garnforbruk<br \/>\n<\/b>Luftig + Lett x 2 by Marte Helgetun<br \/>\n1 n\u00f8ste Luftig nr. 01 Kitt<br \/>\n1 n\u00f8ste Lett nr. 01 Kitt<br \/>\n1 n\u00f8ste Lett nr. 17 Sand<br \/>\nHalsen strikkes med 2 tr\u00e5der Lett og 1 tr\u00e5d Luftig sammen.<\/p>\n<p>&nbsp;<\/p>\n<p><b>Pinner og strikkefasthet<br \/>\n<\/b>kort og lang rundpinne nr. 6 og 5 til kantene<br \/>\nca. 14 masker perlestrikk med 3 tr\u00e5der sammen p\u00e5 pinne nr. 6 = 10 cm.<\/p>\n<p>&nbsp;<\/p>\n<\/div>\n<\/div>\n<\/div>\n","protected":false},"excerpt":{"rendered":"<p>En utfordring jeg ikke klarte \u00e5 si nei til. N\u00e5r ten\u00e5ringene \u00f8nsker seg en hals med sn\u00f8ring, m\u00e5 jeg jo bare finne fram skisseblokka og pinnene. Resultatet ble en luftig perlehals. Sn\u00f8ringen er ekstra fin n\u00e5 n\u00e5r det er skikkelig kaldt ute.<\/p>\n<p>&nbsp;<\/p>\n<p>&nbsp;<\/p>\n<p><strong>Norsk og Engelsk oppskrift.<\/strong> Du f\u00e5r tilgang til alle spr\u00e5k som pdf fil ved kj\u00f8p.<\/p>\n<hr \/>\n<p data-start=\"65\" data-end=\"328\">A challenge I simply couldn\u2019t say no to. When the teenagers wish for a cowl with a drawstring, I just have to bring out my sketchbook and knitting needles. The result was an airy pearl cowl. The drawstring is especially lovely now that it\u2019s properly cold outside.<\/p>\n<p data-start=\"330\" data-end=\"438\" data-is-last-node=\"\" data-is-only-node=\"\"><strong>Norwegian and English pattern<\/strong>. You will receive access to both language versions as PDF files upon purchase.<\/p>\n","protected":false},"featured_media":101862,"template":"","meta":{"_acf_changed":false,"_relevanssi_hide_post":"","_relevanssi_hide_content":"","_relevanssi_pin_for_all":"","_relevanssi_pin_keywords":"","_relevanssi_unpin_keywords":"","_relevanssi_related_keywords":"","_relevanssi_related_include_ids":"","_relevanssi_related_exclude_ids":"","_relevanssi_related_no_append":"","_relevanssi_related_not_related":"","_relevanssi_related_posts":"","_relevanssi_noindex_reason":""},"product_brand":[],"product_cat":[60,81],"product_tag":[128,577,377,83,37,36,134,576,136],"class_list":{"0":"post-101315","1":"product","2":"type-product","3":"status-publish","4":"has-post-thumbnail","6":"product_cat-strikkeoppskrifter","7":"product_cat-skjerf-sjal-hals","8":"product_tag-design-by-marte-helgetun","9":"product_tag-fargespillgenser","10":"product_tag-genser-i-luftig-og-lett","11":"product_tag-hals","12":"product_tag-lett","13":"product_tag-luftig","14":"product_tag-marte-helgetun","15":"product_tag-perlegenser","16":"product_tag-strikkeoppskrift","18":"first","19":"instock","20":"downloadable","21":"taxable","22":"shipping-taxable","23":"purchasable","24":"product-type-mht_bundle"},"acf":[],"_links":{"self":[{"href":"https:\/\/martehelgetun.no\/en\/wp-json\/wp\/v2\/product\/101315","targetHints":{"allow":["GET"]}}],"collection":[{"href":"https:\/\/martehelgetun.no\/en\/wp-json\/wp\/v2\/product"}],"about":[{"href":"https:\/\/martehelgetun.no\/en\/wp-json\/wp\/v2\/types\/product"}],"wp:featuredmedia":[{"embeddable":true,"href":"https:\/\/martehelgetun.no\/en\/wp-json\/wp\/v2\/media\/101862"}],"wp:attachment":[{"href":"https:\/\/martehelgetun.no\/en\/wp-json\/wp\/v2\/media?parent=101315"}],"wp:term":[{"taxonomy":"product_brand","embeddable":true,"href":"https:\/\/martehelgetun.no\/en\/wp-json\/wp\/v2\/product_brand?post=101315"},{"taxonomy":"product_cat","embeddable":true,"href":"https:\/\/martehelgetun.no\/en\/wp-json\/wp\/v2\/product_cat?post=101315"},{"taxonomy":"product_tag","embeddable":true,"href":"https:\/\/martehelgetun.no\/en\/wp-json\/wp\/v2\/product_tag?post=101315"}],"curies":[{"name":"wp","href":"https:\/\/api.w.org\/{rel}","templated":true}]}}