{"id":100140,"date":"2026-01-27T15:23:35","date_gmt":"2026-01-27T14:23:35","guid":{"rendered":"https:\/\/martehelgetun.no\/?post_type=product&#038;p=100140"},"modified":"2026-03-04T15:35:45","modified_gmt":"2026-03-04T14:35:45","slug":"pa-rett-spor-i-ren-cashmere","status":"publish","type":"product","link":"https:\/\/martehelgetun.no\/en\/product\/pa-rett-spor-i-ren-cashmere\/","title":{"rendered":"P\u00e5 rett spor i REN Cashmere"},"content":{"rendered":"<p><b>St\u00f8rrelser og m\u00e5l<span class=\"Apple-converted-space\"><br \/>\n<\/span><\/b>St\u00f8rrelse: lite (stort)<br \/>\nH\u00f8yde: ca 28 (36) cm<br \/>\nLengde: ca 90 (120) cm<span class=\"Apple-converted-space\">\u00a0<\/span><\/p>\n<p>&nbsp;<\/p>\n<p><b>Garn og garnforbruk<br \/>\n<\/b><b><\/b>REN Cashmere by Marte Helgetun<br \/>\n2 (3) n\u00f8ster nr. 14 Lysegr\u00e5<\/p>\n<p>&nbsp;<\/p>\n<p><b>Pinner og strikkefasthet<br \/>\n<\/b>80 cm rundpinne eller settpinner nr. 4<br \/>\n22 masker strukturstrikk p\u00e5 pinne nr. 4 = 10 cm<\/p>\n","protected":false},"excerpt":{"rendered":"<div class=\"woocommerce-product-details__short-description\">\n<p>Med sitt myke og behagelige preg gir REN Cashmere sjalet et elegant og tidl\u00f8st uttrykk.\u00a0Dette er en variant av bestselgeren P\u00e5 rett spor i Lunt Fargespill \u2013 en oppskrift som ogs\u00e5\u00a0kler REN Cashmere sv\u00e6rt godt.\u00a0Sjalet p\u00e5 bildene er strikket i to n\u00f8ster.<\/p>\n<p><strong><br \/>\nNorsk og Engelsk oppskrift.<\/strong> Du f\u00e5r tilgang til alle spr\u00e5k som pdf fil ved kj\u00f8p.<\/p>\n<hr \/>\n<p>With its soft and comfortable feel, PURE Cashmere gives the shawl an elegant and\u00a0timeless look. This is a variation of the best-selling On the Right Track in Lunt Fargespill\u00a0\u2014 a design that also suits PURE Cashmere beautifully.\u00a0The shawl shown in the photos is knitted using two skeins.<\/p>\n<p>&nbsp;<\/p>\n<p><strong>This pattern is available in both Norwegian and English.<\/strong> You will receive access to all languages as PDF files upon purchase.<\/p>\n<\/div>\n","protected":false},"featured_media":100143,"template":"","meta":{"_acf_changed":false,"_relevanssi_hide_post":"","_relevanssi_hide_content":"","_relevanssi_pin_for_all":"","_relevanssi_pin_keywords":"","_relevanssi_unpin_keywords":"","_relevanssi_related_keywords":"","_relevanssi_related_include_ids":"","_relevanssi_related_exclude_ids":"","_relevanssi_related_no_append":"","_relevanssi_related_not_related":"","_relevanssi_related_posts":"","_relevanssi_noindex_reason":""},"product_brand":[],"product_cat":[60,81],"product_tag":[128,134,40,194,136],"class_list":{"0":"post-100140","1":"product","2":"type-product","3":"status-publish","4":"has-post-thumbnail","6":"product_cat-strikkeoppskrifter","7":"product_cat-skjerf-sjal-hals","8":"product_tag-design-by-marte-helgetun","9":"product_tag-marte-helgetun","10":"product_tag-silkmohair","11":"product_tag-skjerf","12":"product_tag-strikkeoppskrift","14":"first","15":"instock","16":"downloadable","17":"taxable","18":"shipping-taxable","19":"purchasable","20":"product-type-mht_bundle"},"acf":[],"_links":{"self":[{"href":"https:\/\/martehelgetun.no\/en\/wp-json\/wp\/v2\/product\/100140","targetHints":{"allow":["GET"]}}],"collection":[{"href":"https:\/\/martehelgetun.no\/en\/wp-json\/wp\/v2\/product"}],"about":[{"href":"https:\/\/martehelgetun.no\/en\/wp-json\/wp\/v2\/types\/product"}],"wp:featuredmedia":[{"embeddable":true,"href":"https:\/\/martehelgetun.no\/en\/wp-json\/wp\/v2\/media\/100143"}],"wp:attachment":[{"href":"https:\/\/martehelgetun.no\/en\/wp-json\/wp\/v2\/media?parent=100140"}],"wp:term":[{"taxonomy":"product_brand","embeddable":true,"href":"https:\/\/martehelgetun.no\/en\/wp-json\/wp\/v2\/product_brand?post=100140"},{"taxonomy":"product_cat","embeddable":true,"href":"https:\/\/martehelgetun.no\/en\/wp-json\/wp\/v2\/product_cat?post=100140"},{"taxonomy":"product_tag","embeddable":true,"href":"https:\/\/martehelgetun.no\/en\/wp-json\/wp\/v2\/product_tag?post=100140"}],"curies":[{"name":"wp","href":"https:\/\/api.w.org\/{rel}","templated":true}]}}